{"id":10,"date":"2023-07-05T08:29:47","date_gmt":"2023-07-05T08:29:47","guid":{"rendered":"https:\/\/netegeslcnet.com\/?page_id=10"},"modified":"2023-10-20T07:50:44","modified_gmt":"2023-10-20T07:50:44","slug":"empresa-de-limpieza-en-manresa","status":"publish","type":"page","link":"https:\/\/netegeslcnet.com\/es\/empresa-de-limpieza-en-manresa\/","title":{"rendered":"Sectores"},"content":{"rendered":"<p><div class=\"fusion-fullwidth fullwidth-box fusion-builder-row-1 fusion-flex-container has-pattern-background has-mask-background nonhundred-percent-fullwidth non-hundred-percent-height-scrolling\" style=\"--awb-border-radius-top-left:0px;--awb-border-radius-top-right:0px;--awb-border-radius-bottom-right:0px;--awb-border-radius-bottom-left:0px;--awb-padding-top:2%;--awb-padding-bottom:2%;--awb-background-color:var(--awb-color3);--awb-flex-wrap:wrap;\" ><div class=\"fusion-builder-row fusion-row fusion-flex-align-items-center fusion-flex-content-wrap\" style=\"max-width:1216.8px;margin-left: calc(-4% \/ 2 );margin-right: calc(-4% \/ 2 );\"><div class=\"fusion-layout-column fusion_builder_column fusion-builder-column-0 fusion_builder_column_1_2 1_2 fusion-flex-column\" style=\"--awb-bg-size:cover;--awb-width-large:50%;--awb-margin-top-large:15px;--awb-spacing-right-large:3.84%;--awb-margin-bottom-large:15px;--awb-spacing-left-large:3.84%;--awb-width-medium:100%;--awb-order-medium:0;--awb-spacing-right-medium:1.92%;--awb-spacing-left-medium:1.92%;--awb-width-small:100%;--awb-order-small:0;--awb-spacing-right-small:1.92%;--awb-spacing-left-small:1.92%;\"><div class=\"fusion-column-wrapper fusion-column-has-shadow fusion-flex-justify-content-flex-start fusion-content-layout-column\"><div class=\"fusion-title title fusion-title-1 fusion-sep-none fusion-title-text fusion-title-size-two\" style=\"--awb-margin-top-small:0px;--awb-margin-right-small:0px;--awb-margin-bottom-small:20px;--awb-margin-left-small:0px;\"><h2 class=\"fusion-title-heading title-heading-left fusion-responsive-typography-calculated\" style=\"margin:0;text-transform:none;--fontSize:35;line-height:1;\">\u00bfQu\u00e9 sectores conf\u00edan en LCNET como su empresa de limpieza de referencia en Manresa?<\/h2><\/div><\/div><\/div><div class=\"fusion-layout-column fusion_builder_column fusion-builder-column-1 fusion_builder_column_1_2 1_2 fusion-flex-column\" style=\"--awb-bg-size:cover;--awb-width-large:50%;--awb-margin-top-large:15px;--awb-spacing-right-large:3.84%;--awb-margin-bottom-large:15px;--awb-spacing-left-large:3.84%;--awb-width-medium:100%;--awb-order-medium:0;--awb-spacing-right-medium:1.92%;--awb-spacing-left-medium:1.92%;--awb-width-small:100%;--awb-order-small:0;--awb-spacing-right-small:1.92%;--awb-spacing-left-small:1.92%;\"><div class=\"fusion-column-wrapper fusion-column-has-shadow fusion-flex-justify-content-flex-start fusion-content-layout-column\"><div class=\"fusion-text fusion-text-1\"><p style=\"text-align: left;\"><span style=\"font-weight: 400;\">Aunque la mayor\u00eda de nuestros clientes son comunidades de vecinos y empresas con despachos y oficinas, tambi\u00e9n pueden contratarnos como empresa de limpieza en Manresa particulares, gimnasios, instalaciones y equipamientos deportivos o tiendas.<\/span><\/p>\n<p style=\"text-align: left;\"><span style=\"font-weight: 400;\">LCNET es una empresa de limpieza en Manresa que ofrece sus servicios en toda la comarca del Bages y tambi\u00e9n en las comarcas contiguas. De modo que, si se encuentra en la coyuntura de necesitar una empresa de limpieza en Manresa o alrededores, sea de manera puntual o recurrente, contacte con nosotros sin dudarlo.<\/span><\/p>\n<\/div><\/div><\/div><\/div><\/div><div class=\"fusion-fullwidth fullwidth-box fusion-builder-row-2 fusion-flex-container has-pattern-background has-mask-background nonhundred-percent-fullwidth non-hundred-percent-height-scrolling\" style=\"--awb-border-radius-top-left:0px;--awb-border-radius-top-right:0px;--awb-border-radius-bottom-right:0px;--awb-border-radius-bottom-left:0px;--awb-padding-top:3%;--awb-padding-bottom:3%;--awb-flex-wrap:wrap;\" ><div class=\"fusion-builder-row fusion-row fusion-flex-align-items-flex-start fusion-flex-content-wrap\" style=\"max-width:1216.8px;margin-left: calc(-4% \/ 2 );margin-right: calc(-4% \/ 2 );\"><div class=\"fusion-layout-column fusion_builder_column fusion-builder-column-2 fusion_builder_column_1_1 1_1 fusion-flex-column\" style=\"--awb-padding-bottom:3%;--awb-padding-bottom-small:0px;--awb-bg-size:cover;--awb-width-large:100%;--awb-margin-top-large:15px;--awb-spacing-right-large:1.92%;--awb-margin-bottom-large:15px;--awb-spacing-left-large:1.92%;--awb-width-medium:100%;--awb-order-medium:0;--awb-spacing-right-medium:1.92%;--awb-spacing-left-medium:1.92%;--awb-width-small:100%;--awb-order-small:0;--awb-spacing-right-small:1.92%;--awb-spacing-left-small:1.92%;\"><div class=\"fusion-column-wrapper fusion-column-has-shadow fusion-flex-justify-content-flex-start fusion-content-layout-column\"><div class=\"fusion-title title fusion-title-2 fusion-sep-none fusion-title-center fusion-title-text fusion-title-size-two\" style=\"--awb-margin-top-small:0px;--awb-margin-right-small:0px;--awb-margin-bottom-small:20px;--awb-margin-left-small:0px;\"><h2 class=\"fusion-title-heading title-heading-center fusion-responsive-typography-calculated\" style=\"margin:0;text-transform:none;--fontSize:35;line-height:1;\">Principales sectores en los que trabaja LCNET<\/h2><\/div><\/div><\/div><div class=\"fusion-layout-column fusion_builder_column fusion-builder-column-3 fusion_builder_column_1_2 1_2 fusion-flex-column\" style=\"--awb-bg-size:cover;--awb-width-large:50%;--awb-margin-top-large:15px;--awb-spacing-right-large:3.84%;--awb-margin-bottom-large:15px;--awb-spacing-left-large:3.84%;--awb-width-medium:100%;--awb-order-medium:0;--awb-spacing-right-medium:1.92%;--awb-spacing-left-medium:1.92%;--awb-width-small:100%;--awb-order-small:0;--awb-spacing-right-small:1.92%;--awb-spacing-left-small:1.92%;\"><div class=\"fusion-column-wrapper fusion-column-has-shadow fusion-flex-justify-content-flex-start fusion-content-layout-column\"><div class=\"fusion-title title fusion-title-3 fusion-sep-none fusion-title-text fusion-title-size-three\" style=\"--awb-text-color:#000000;--awb-margin-top-small:0px;--awb-margin-right-small:0px;--awb-margin-bottom-small:20px;--awb-margin-left-small:0px;--awb-font-size:25px;\"><h3 class=\"fusion-title-heading title-heading-left fusion-responsive-typography-calculated\" style=\"margin:0;text-transform:none;font-size:1em;--fontSize:25;line-height:1;\">Comunidades de vecinos<\/h3><\/div><div class=\"fusion-separator fusion-full-width-sep\" style=\"align-self: center;margin-left: auto;margin-right: auto;margin-top:5px;margin-bottom:15px;width:100%;\"><div class=\"fusion-separator-border sep-single sep-solid\" style=\"--awb-height:20px;--awb-amount:20px;--awb-sep-color:var(--awb-color7);border-color:var(--awb-color7);border-top-width:3px;\"><\/div><\/div><div class=\"fusion-text fusion-text-2\"><p><span style=\"font-weight: 400;\">En las comunidades de vecinos, las tareas de limpieza incluyen la limpieza y desinfecci\u00f3n de \u00e1reas comunes como vest\u00edbulos, escaleras, pasillos, ascensores y zonas de uso compartido. En LCNET podemos ocuparnos de ello y tambi\u00e9n de la recogida de basura de las zonas comunes, la limpieza de contenedores, el barrido de patios y el mantenimiento de \u00e1reas exteriores para mantener un entorno limpio y seguro para todos los residentes.<\/span><\/p>\n<\/div><\/div><\/div><div class=\"fusion-layout-column fusion_builder_column fusion-builder-column-4 fusion_builder_column_1_2 1_2 fusion-flex-column\" style=\"--awb-bg-size:cover;--awb-width-large:50%;--awb-margin-top-large:15px;--awb-spacing-right-large:3.84%;--awb-margin-bottom-large:15px;--awb-spacing-left-large:3.84%;--awb-width-medium:100%;--awb-order-medium:0;--awb-spacing-right-medium:1.92%;--awb-spacing-left-medium:1.92%;--awb-width-small:100%;--awb-order-small:0;--awb-spacing-right-small:1.92%;--awb-spacing-left-small:1.92%;\"><div class=\"fusion-column-wrapper fusion-column-has-shadow fusion-flex-justify-content-flex-start fusion-content-layout-column\"><div class=\"fusion-title title fusion-title-4 fusion-sep-none fusion-title-text fusion-title-size-three\" style=\"--awb-text-color:#000000;--awb-margin-top-small:0px;--awb-margin-right-small:0px;--awb-margin-bottom-small:20px;--awb-margin-left-small:0px;--awb-font-size:25px;\"><h3 class=\"fusion-title-heading title-heading-left fusion-responsive-typography-calculated\" style=\"margin:0;text-transform:none;font-size:1em;--fontSize:25;line-height:1;\">Oficinas o despachos<\/h3><\/div><div class=\"fusion-separator fusion-full-width-sep\" style=\"align-self: center;margin-left: auto;margin-right: auto;margin-top:5px;margin-bottom:15px;width:100%;\"><div class=\"fusion-separator-border sep-single sep-solid\" style=\"--awb-height:20px;--awb-amount:20px;--awb-sep-color:var(--awb-color7);border-color:var(--awb-color7);border-top-width:3px;\"><\/div><\/div><div class=\"fusion-text fusion-text-3\"><p><span style=\"font-weight: 400;\">En oficinas o despachos, las tareas de limpieza incluyen la limpieza de escritorios, mesas, sillas y equipos de oficina. Tambi\u00e9n nos encargamos de limpiar suelos, ventanas, alfombras y \u00e1reas comunes. Adem\u00e1s, tenemos especial cuidado en la desinfecci\u00f3n de superficies de alto contacto y vaciamos los contenedores de basura para mantener un ambiente limpio y saludable.<\/span><\/p>\n<\/div><\/div><\/div><div class=\"fusion-layout-column fusion_builder_column fusion-builder-column-5 fusion_builder_column_1_2 1_2 fusion-flex-column\" style=\"--awb-bg-size:cover;--awb-width-large:50%;--awb-margin-top-large:15px;--awb-spacing-right-large:3.84%;--awb-margin-bottom-large:15px;--awb-spacing-left-large:3.84%;--awb-width-medium:100%;--awb-order-medium:0;--awb-spacing-right-medium:1.92%;--awb-spacing-left-medium:1.92%;--awb-width-small:100%;--awb-order-small:0;--awb-spacing-right-small:1.92%;--awb-spacing-left-small:1.92%;\"><div class=\"fusion-column-wrapper fusion-column-has-shadow fusion-flex-justify-content-flex-start fusion-content-layout-column\"><div class=\"fusion-title title fusion-title-5 fusion-sep-none fusion-title-text fusion-title-size-three\" style=\"--awb-text-color:#000000;--awb-margin-top-small:0px;--awb-margin-right-small:0px;--awb-margin-bottom-small:20px;--awb-margin-left-small:0px;--awb-font-size:25px;\"><h3 class=\"fusion-title-heading title-heading-left fusion-responsive-typography-calculated\" style=\"margin:0;text-transform:none;font-size:1em;--fontSize:25;line-height:1;\">Negocios abiertos al p\u00fablico<\/h3><\/div><div class=\"fusion-separator fusion-full-width-sep\" style=\"align-self: center;margin-left: auto;margin-right: auto;margin-top:5px;margin-bottom:15px;width:100%;\"><div class=\"fusion-separator-border sep-single sep-solid\" style=\"--awb-height:20px;--awb-amount:20px;--awb-sep-color:var(--awb-color7);border-color:var(--awb-color7);border-top-width:3px;\"><\/div><\/div><div class=\"fusion-text fusion-text-4\"><p><span style=\"font-weight: 400;\">Cuando contratan los servicios de LCNET negocios en los que la concurrencia de p\u00fablico es algo recurrente a lo largo del d\u00eda, tomamos medidas en aquellas superficies de alto contacto, como manijas, carritos de compra, estanter\u00edas o mostradores. En el caso de que estos espacios dispongan de ba\u00f1os, vestuarios o probadores, tambi\u00e9n los limpiamos a conciencia para garantizar que sean espacios higi\u00e9nicos y libres de pat\u00f3genos y suciedad.<\/span><\/p>\n<\/div><\/div><\/div><div class=\"fusion-layout-column fusion_builder_column fusion-builder-column-6 fusion_builder_column_1_2 1_2 fusion-flex-column\" style=\"--awb-bg-size:cover;--awb-width-large:50%;--awb-margin-top-large:15px;--awb-spacing-right-large:3.84%;--awb-margin-bottom-large:15px;--awb-spacing-left-large:3.84%;--awb-width-medium:100%;--awb-order-medium:0;--awb-spacing-right-medium:1.92%;--awb-spacing-left-medium:1.92%;--awb-width-small:100%;--awb-order-small:0;--awb-spacing-right-small:1.92%;--awb-spacing-left-small:1.92%;\"><div class=\"fusion-column-wrapper fusion-column-has-shadow fusion-flex-justify-content-flex-start fusion-content-layout-column\"><div class=\"fusion-title title fusion-title-6 fusion-sep-none fusion-title-text fusion-title-size-three\" style=\"--awb-text-color:#000000;--awb-margin-top-small:0px;--awb-margin-right-small:0px;--awb-margin-bottom-small:20px;--awb-margin-left-small:0px;--awb-font-size:25px;\"><h3 class=\"fusion-title-heading title-heading-left fusion-responsive-typography-calculated\" style=\"margin:0;text-transform:none;font-size:1em;--fontSize:25;line-height:1;\">Domicilios particulares<\/h3><\/div><div class=\"fusion-separator fusion-full-width-sep\" style=\"align-self: center;margin-left: auto;margin-right: auto;margin-top:5px;margin-bottom:15px;width:100%;\"><div class=\"fusion-separator-border sep-single sep-solid\" style=\"--awb-height:20px;--awb-amount:20px;--awb-sep-color:var(--awb-color7);border-color:var(--awb-color7);border-top-width:3px;\"><\/div><\/div><div class=\"fusion-text fusion-text-5\"><p>Es muy habitual que la exigencia del d\u00eda a d\u00eda y de la rutina laboral nos deje poco tiempo para ocuparnos de la limpieza del hogar. Nos limitamos a hacer aquellas cosas superficiales, pero es complicado encontrar el momento oportuno para limpiar la cocina a fondo o los armarios. En este caso, desde LCNET podemos serle \u00fatil para ayudarle en la limpieza de su hogar para que est\u00e9 siempre en condiciones \u00f3ptimas de higiene.<\/p>\n<\/div><\/div><\/div><\/div><\/div><div class=\"fusion-fullwidth fullwidth-box fusion-builder-row-3 fusion-flex-container has-pattern-background has-mask-background nonhundred-percent-fullwidth non-hundred-percent-height-scrolling\" style=\"--awb-border-sizes-top:0px;--awb-border-sizes-bottom:0px;--awb-border-sizes-left:0px;--awb-border-sizes-right:0px;--awb-border-radius-top-left:0px;--awb-border-radius-top-right:0px;--awb-border-radius-bottom-right:0px;--awb-border-radius-bottom-left:0px;--awb-padding-top:5%;--awb-padding-right:0px;--awb-padding-bottom:5%;--awb-padding-left:0px;--awb-padding-top-small:6%;--awb-padding-right-small:4%;--awb-padding-bottom-small:6%;--awb-padding-left-small:4%;--awb-margin-top:0px;--awb-margin-bottom:0px;--awb-background-color:var(--awb-color7);--awb-flex-wrap:wrap;\" id=\"maincontent\" ><div class=\"fusion-builder-row fusion-row fusion-flex-align-items-center fusion-flex-justify-content-center fusion-flex-content-wrap\" style=\"max-width:calc( 1170px + 0px );margin-left: calc(-0px \/ 2 );margin-right: calc(-0px \/ 2 );\"><div class=\"fusion-layout-column fusion_builder_column fusion-builder-column-7 fusion_builder_column_1_2 1_2 fusion-flex-column fusion-flex-align-self-stretch\" style=\"--awb-bg-size:cover;--awb-width-large:50%;--awb-margin-top-large:0px;--awb-spacing-right-large:calc( 0.04 * calc( 100% - 0px ) );--awb-margin-bottom-large:0px;--awb-spacing-left-large:calc( 0.04 * calc( 100% - 0px ) );--awb-width-medium:100%;--awb-order-medium:0;--awb-spacing-right-medium:0px;--awb-spacing-left-medium:0px;--awb-width-small:100%;--awb-order-small:0;--awb-spacing-right-small:0px;--awb-spacing-left-small:0px;\" data-scroll-devices=\"small-visibility,medium-visibility,large-visibility\"><div class=\"fusion-column-wrapper fusion-column-has-shadow fusion-flex-justify-content-flex-start fusion-content-layout-column\"><div class=\"fusion-title title fusion-title-7 fusion-sep-none fusion-title-text fusion-title-size-two\" style=\"--awb-text-color:#ffffff;--awb-margin-top-small:0px;--awb-margin-right-small:0px;--awb-margin-bottom-small:20px;--awb-margin-left-small:0px;\"><h2 class=\"fusion-title-heading title-heading-left fusion-responsive-typography-calculated\" style=\"margin:0;text-transform:none;--fontSize:35;line-height:1;\">Somos la empresa de limpieza en Manresa que est\u00e1 buscando<\/h2><\/div><div style=\"text-align:left;\"><a class=\"fusion-button button-flat fusion-button-default-size button-default fusion-button-default button-1 fusion-button-default-span fusion-button-default-type\" target=\"_self\" href=\"https:\/\/netegeslcnet.com\/es\/contacto\/\"><span class=\"fusion-button-text awb-button__text awb-button__text--default\">\u00bfQu\u00e9 necesita?<\/span><i class=\"fa-angle-right fas awb-button__icon awb-button__icon--default button-icon-right\" aria-hidden=\"true\"><\/i><\/a><\/div><div class=\"fusion-separator fusion-no-medium-visibility fusion-no-large-visibility fusion-full-width-sep\" style=\"align-self: center;margin-left: auto;margin-right: auto;margin-top:5%;width:100%;\"><\/div><\/div><\/div><div class=\"fusion-layout-column fusion_builder_column fusion-builder-column-8 fusion_builder_column_1_2 1_2 fusion-flex-column fusion-flex-align-self-stretch\" style=\"--awb-bg-size:cover;--awb-width-large:50%;--awb-margin-top-large:0px;--awb-spacing-right-large:calc( 0.04 * calc( 100% - 0px ) );--awb-margin-bottom-large:0px;--awb-spacing-left-large:calc( 0.04 * calc( 100% - 0px ) );--awb-width-medium:100%;--awb-order-medium:0;--awb-spacing-right-medium:0px;--awb-spacing-left-medium:0px;--awb-width-small:100%;--awb-order-small:0;--awb-spacing-right-small:0px;--awb-spacing-left-small:0px;\" data-scroll-devices=\"small-visibility,medium-visibility,large-visibility\"><div class=\"fusion-column-wrapper fusion-column-has-shadow fusion-flex-justify-content-flex-start fusion-content-layout-column\"><div class=\"fusion-text fusion-text-6\" style=\"--awb-text-color:#ffffff;\"><p><span style=\"font-weight: 400;\">Si su empresa pertenece a alguno de los \u00e1mbitos o sectores mencionados anteriormente, desde LCNET ponemos a su entera disposici\u00f3n nuestro equipo de profesionales. Rellene el formulario exponiendo cu\u00e1les son sus necesidades y enseguida contactaremos con usted.<\/span><\/p>\n<\/div><\/div><\/div><\/div><\/div><\/p>\n","protected":false},"excerpt":{"rendered":"","protected":false},"author":1,"featured_media":0,"parent":0,"menu_order":0,"comment_status":"closed","ping_status":"closed","template":"100-width.php","meta":{"footnotes":""},"class_list":["post-10","page","type-page","status-publish","hentry"],"_links":{"self":[{"href":"https:\/\/netegeslcnet.com\/es\/wp-json\/wp\/v2\/pages\/10","targetHints":{"allow":["GET"]}}],"collection":[{"href":"https:\/\/netegeslcnet.com\/es\/wp-json\/wp\/v2\/pages"}],"about":[{"href":"https:\/\/netegeslcnet.com\/es\/wp-json\/wp\/v2\/types\/page"}],"author":[{"embeddable":true,"href":"https:\/\/netegeslcnet.com\/es\/wp-json\/wp\/v2\/users\/1"}],"replies":[{"embeddable":true,"href":"https:\/\/netegeslcnet.com\/es\/wp-json\/wp\/v2\/comments?post=10"}],"version-history":[{"count":19,"href":"https:\/\/netegeslcnet.com\/es\/wp-json\/wp\/v2\/pages\/10\/revisions"}],"predecessor-version":[{"id":1740,"href":"https:\/\/netegeslcnet.com\/es\/wp-json\/wp\/v2\/pages\/10\/revisions\/1740"}],"wp:attachment":[{"href":"https:\/\/netegeslcnet.com\/es\/wp-json\/wp\/v2\/media?parent=10"}],"curies":[{"name":"wp","href":"https:\/\/api.w.org\/{rel}","templated":true}]}}